{"id":317,"date":"2024-08-19T14:29:15","date_gmt":"2024-08-19T14:29:15","guid":{"rendered":"https:\/\/moropi.com\/?post_type=product&#038;p=155"},"modified":"2025-10-22T12:41:07","modified_gmt":"2025-10-22T12:41:07","slug":"after-nowhere-omega_zero","status":"publish","type":"product","link":"https:\/\/moropi.com\/en\/product\/after-nowhere-omega_zero\/","title":{"rendered":"Omega_Zero"},"content":{"rendered":"<p>Asymmetrical silhouette sculptural bag with a circular void that functions both as a handle and as a symbol of balance between matter and absence. An object where digital fluidity materializes on the surface.<\/p>\n<p>Omega\\_Zero is an asymmetrical alien monolith, a fragment of lost geometry that seems to have been torn from an architecture of another world. The circular void functions as both portal and handle, uniting function and meaning.<\/p>\n<p>This object embodies the paradox of the After Nowhere collection: an archaeology of the future in which the pieces are relics blending the ancestral essence of matter with the synthetic precision of the machine. It is the final zero and the infinite beginning, an artifact that belongs neither to the present nor the past, but to the memory of what has not yet happened.<\/p>\n<p>&nbsp;<\/p>","protected":false},"excerpt":{"rendered":"<p>Bolsa-escultura de silueta asim\u00e9trica con un vac\u00edo circular que funciona como asa y como s\u00edmbolo de equilibrio entre materia y ausencia. Un objeto donde la fluidez digital se materializa en la superficie. Omega_Zero es un monolito alien\u00edgena asim\u00e9trico, un fragmento de la geometr\u00eda perdida que parece haber sido arrancado de una arquitectura de otro mundo. [&hellip;]<\/p>","protected":false},"featured_media":464,"comment_status":"open","ping_status":"closed","template":"","meta":{"_acf_changed":false},"product_brand":[],"product_cat":[22],"product_tag":[],"class_list":{"0":"post-317","1":"product","2":"type-product","3":"status-publish","4":"has-post-thumbnail","6":"product_cat-bolso","8":"first","9":"instock","10":"shipping-taxable","11":"purchasable","12":"product-type-simple"},"acf":[],"_links":{"self":[{"href":"https:\/\/moropi.com\/en\/wp-json\/wp\/v2\/product\/317","targetHints":{"allow":["GET"]}}],"collection":[{"href":"https:\/\/moropi.com\/en\/wp-json\/wp\/v2\/product"}],"about":[{"href":"https:\/\/moropi.com\/en\/wp-json\/wp\/v2\/types\/product"}],"replies":[{"embeddable":true,"href":"https:\/\/moropi.com\/en\/wp-json\/wp\/v2\/comments?post=317"}],"wp:featuredmedia":[{"embeddable":true,"href":"https:\/\/moropi.com\/en\/wp-json\/wp\/v2\/media\/464"}],"wp:attachment":[{"href":"https:\/\/moropi.com\/en\/wp-json\/wp\/v2\/media?parent=317"}],"wp:term":[{"taxonomy":"product_brand","embeddable":true,"href":"https:\/\/moropi.com\/en\/wp-json\/wp\/v2\/product_brand?post=317"},{"taxonomy":"product_cat","embeddable":true,"href":"https:\/\/moropi.com\/en\/wp-json\/wp\/v2\/product_cat?post=317"},{"taxonomy":"product_tag","embeddable":true,"href":"https:\/\/moropi.com\/en\/wp-json\/wp\/v2\/product_tag?post=317"}],"curies":[{"name":"wp","href":"https:\/\/api.w.org\/{rel}","templated":true}]}}