{"id":309,"date":"2024-08-19T02:51:39","date_gmt":"2024-08-19T02:51:39","guid":{"rendered":"https:\/\/moropi.com\/?post_type=product&#038;p=103"},"modified":"2025-09-06T18:38:11","modified_gmt":"2025-09-06T18:38:11","slug":"syntaxerror","status":"publish","type":"product","link":"https:\/\/moropi.com\/en\/product\/syntaxerror\/","title":{"rendered":"SyntaxError"},"content":{"rendered":"<p>Bag with a black face embedded on its surface, firestone eyes, and a metallic handle rising like a petrified root. An object that resembles a totem, a hybrid between technological artifact and arcane relic. SyntaxError is a portable alien totem, a materialized error between code and matter. A piece that dwells between flaw and revelation, between machine and myth.<\/p>","protected":false},"excerpt":{"rendered":"<p>El bolso &#8220;Enigma Met\u00e1lico&#8221; es una pieza \u00fanica y futurista que desaf\u00eda las normas tradicionales del dise\u00f1o. Este bolso de mano, fabricado con materiales de alta calidad, presenta un acabado negro met\u00e1lico que captura la luz de una manera fascinante, a\u00f1adiendo un toque de misterio y elegancia.<\/p>","protected":false},"featured_media":462,"comment_status":"open","ping_status":"closed","template":"","meta":{"_acf_changed":false},"product_brand":[],"product_cat":[22,27],"product_tag":[],"class_list":{"0":"post-309","1":"product","2":"type-product","3":"status-publish","4":"has-post-thumbnail","6":"product_cat-bolso","7":"product_cat-comingsoon","9":"first","10":"instock","11":"shipping-taxable","12":"product-type-simple"},"acf":[],"_links":{"self":[{"href":"https:\/\/moropi.com\/en\/wp-json\/wp\/v2\/product\/309","targetHints":{"allow":["GET"]}}],"collection":[{"href":"https:\/\/moropi.com\/en\/wp-json\/wp\/v2\/product"}],"about":[{"href":"https:\/\/moropi.com\/en\/wp-json\/wp\/v2\/types\/product"}],"replies":[{"embeddable":true,"href":"https:\/\/moropi.com\/en\/wp-json\/wp\/v2\/comments?post=309"}],"wp:featuredmedia":[{"embeddable":true,"href":"https:\/\/moropi.com\/en\/wp-json\/wp\/v2\/media\/462"}],"wp:attachment":[{"href":"https:\/\/moropi.com\/en\/wp-json\/wp\/v2\/media?parent=309"}],"wp:term":[{"taxonomy":"product_brand","embeddable":true,"href":"https:\/\/moropi.com\/en\/wp-json\/wp\/v2\/product_brand?post=309"},{"taxonomy":"product_cat","embeddable":true,"href":"https:\/\/moropi.com\/en\/wp-json\/wp\/v2\/product_cat?post=309"},{"taxonomy":"product_tag","embeddable":true,"href":"https:\/\/moropi.com\/en\/wp-json\/wp\/v2\/product_tag?post=309"}],"curies":[{"name":"wp","href":"https:\/\/api.w.org\/{rel}","templated":true}]}}